{"id":23626,"date":"2025-08-02T13:21:41","date_gmt":"2025-08-02T13:21:41","guid":{"rendered":"https:\/\/oyaz.co\/iran-ajanslari\/"},"modified":"2025-11-12T07:13:44","modified_gmt":"2025-11-12T07:13:44","slug":"iran-ajanslari","status":"publish","type":"page","link":"https:\/\/oyaz.co\/tr\/iran-ajanslari\/","title":{"rendered":"\u0130ran ajanslar\u0131"},"content":{"rendered":"\t\t<div data-elementor-type=\"wp-page\" data-elementor-id=\"23626\" class=\"elementor elementor-23626\" data-elementor-post-type=\"page\">\n\t\t\t\t<div class=\"elementor-element elementor-element-a63fbc8 e-flex e-con-boxed e-con e-parent\" data-id=\"a63fbc8\" data-element_type=\"container\" data-e-type=\"container\" data-settings=\"{&quot;background_background&quot;:&quot;classic&quot;,&quot;shape_divider_bottom&quot;:&quot;lqd-custom-shape-15&quot;}\">\n\t\t\t\t\t<div class=\"e-con-inner\">\n\t\t\t\t<div class=\"elementor-shape elementor-shape-bottom\" aria-hidden=\"true\" data-negative=\"false\">\n\t\t\t<svg class=\"lqd-custom-shape\"  fill=\"none\" height=\"461\" viewBox=\"0 0 1440 461\" width=\"1440\" xmlns=\"http:\/\/www.w3.org\/2000\/svg\" preserveAspectRatio=\"none\">\n  <path class=\"elementor-shape-fill\" d=\"m0 131.906 34.4-20.017c34.4-19.9 103.2-59.936 171.68-82.979 68.64-23.043 136.8-29.328003 205.44-4.306 68.48 25.022 137.28 81.35 205.76 80.768 68.64-.582 136.8-58.074 205.44-84.608 68.48-26.535 137.28-22.345 205.76-16.06 68.64 6.168 136.8 14.315 205.44 22.811 68.48 8.612 137.28 17.457 171.68 22l34.4 4.422v396.851h-1440z\" fill-opacity=\".09\">\n    <animate repeatCount=\"indefinite\" fill=\"freeze\" attributeName=\"d\" dur=\"10s\" values=\"M0 131.906L34.4 111.889C68.8 91.989 137.6 51.953 206.08 28.91C274.72 5.867 342.88 -0.418001 411.52 24.604C480 49.626 548.8 105.954 617.28 105.372C685.92 104.79 754.08 47.298 822.72 20.764C891.2 -5.771 960 -1.581 1028.48 4.704C1097.12 10.872 1165.28 19.019 1233.92 27.515C1302.4 36.127 1371.2 44.972 1405.6 49.515L1440 53.937V450.788H0L0 131.906Z; M0 122.906L36.5 109C71.5 96.372 102.52 67.98 171 44.937C239.64 21.894 354.36 51.478 423 76.5C491.48 101.522 546.52 19.097 615 18.515C683.64 17.933 799.36 58.534 868 32C936.48 5.46499 1039.52 54.715 1108 61C1176.64 67.168 1190.36 -6.996 1259 1.5C1327.48 10.112 1371.2 35.972 1405.6 40.515L1440 44.937V441.788H0L0 122.906Z; M0 131.906L34.4 111.889C68.8 91.989 137.6 51.953 206.08 28.91C274.72 5.867 342.88 -0.418001 411.52 24.604C480 49.626 548.8 105.954 617.28 105.372C685.92 104.79 754.08 47.298 822.72 20.764C891.2 -5.771 960 -1.581 1028.48 4.704C1097.12 10.872 1165.28 19.019 1233.92 27.515C1302.4 36.127 1371.2 44.972 1405.6 49.515L1440 53.937V450.788H0L0 131.906Z\">\n    <\/animate>\n  <\/path>\n  <path class=\"elementor-shape-fill\" d=\"M0 154.75L34.4 142.201C68.8 129.53 137.6 104.433 206.08 99.072C274.72 93.833 342.88 108.453 411.52 122.099C480 135.622 548.8 148.293 617.28 142.811C685.92 137.329 754.08 113.693 822.72 113.693C891.2 113.693 960 137.329 1028.48 152.68C1097.12 168.153 1165.28 175.463 1233.92 184.966C1302.4 194.591 1371.2 206.287 1405.6 212.257L1440 218.105V452.025H0L0 154.75Z\" fill-opacity=\".28\">\n    <animate repeatCount=\"indefinite\" fill=\"freeze\" attributeName=\"d\" dur=\"8s\" values=\"M0 154.75C0 154.75 12.8 142.902 34.4 142.201C56 141.5 140.02 160.111 208.5 154.75C277.14 149.511 334.36 112.57 403 126.216C471.48 139.739 552.52 190.448 621 184.966C689.64 179.484 745.36 116 814 116C882.48 116 950.52 161.149 1019 176.5C1087.64 191.973 1154.36 123.997 1223 133.5C1291.48 143.125 1371.2 206.287 1405.6 212.257L1440 218.105V452.025H0L0 154.75Z; M0 154.75C0 154.75 33.4 177.201 55 176.5C76.6 175.799 137.52 110.361 206 105C274.64 99.761 332.86 141.104 401.5 154.75C469.98 168.273 527.52 206.982 596 201.5C664.64 196.018 747.86 75 816.5 75C884.98 75 956.52 118.149 1025 133.5C1093.64 148.973 1163.36 87.497 1232 97C1300.48 106.625 1371.2 206.287 1405.6 212.257L1440 218.105V452.025H0L0 154.75Z; M0 154.75C0 154.75 12.8 142.902 34.4 142.201C56 141.5 140.02 160.111 208.5 154.75C277.14 149.511 334.36 112.57 403 126.216C471.48 139.739 552.52 190.448 621 184.966C689.64 179.484 745.36 116 814 116C882.48 116 950.52 161.149 1019 176.5C1087.64 191.973 1154.36 123.997 1223 133.5C1291.48 143.125 1371.2 206.287 1405.6 212.257L1440 218.105V452.025H0L0 154.75Z\">\n    <\/animate>\n  <\/path>\n  <path class=\"elementor-shape-fill\" d=\"M0 340.22L34.4 333.92C68.8 327.52 137.6 314.92 206.08 312.22C274.72 309.52 342.88 316.92 411.52 319.72C480 322.52 548.8 320.92 617.28 318.92C685.92 316.92 754.08 314.52 822.72 316.02C891.2 317.52 960 322.92 1028.48 309.42C1097.12 295.92 1165.28 263.52 1233.92 251.02C1302.4 238.52 1371.2 245.92 1405.6 249.52L1440 253.22V453.22H0L0 340.22Z\">\n    <animate repeatCount=\"indefinite\" fill=\"freeze\" attributeName=\"d\" dur=\"6.5s\" values=\"M0 340.22L34.4 333.92C68.8 327.52 139.02 281.2 207.5 278.5C276.14 275.8 351.86 331.12 420.5 333.92C488.98 336.72 554.52 289 623 287C691.64 285 756.86 332.42 825.5 333.92C893.98 335.42 960 322.92 1028.48 309.42C1097.12 295.92 1163.36 236 1232 223.5C1300.48 211 1371.2 245.92 1405.6 249.52L1440 253.22V453.22H0L0 340.22Z; M0 340.22L37.5 323C71.9 316.6 137.52 336.62 206 333.92C274.64 331.22 339.86 272.2 408.5 275C476.98 277.8 551.02 304 619.5 302C688.14 300 759.36 266.5 828 268C896.48 269.5 962.02 336.5 1030.5 323C1099.14 309.5 1156.36 232.5 1225 220C1293.48 207.5 1364.1 249.62 1398.5 253.22L1440 253.22V453.22H0L0 340.22Z; M0 340.22L34.4 333.92C68.8 327.52 139.02 281.2 207.5 278.5C276.14 275.8 351.86 331.12 420.5 333.92C488.98 336.72 554.52 289 623 287C691.64 285 756.86 332.42 825.5 333.92C893.98 335.42 960 322.92 1028.48 309.42C1097.12 295.92 1163.36 236 1232 223.5C1300.48 211 1371.2 245.92 1405.6 249.52L1440 253.22V453.22H0L0 340.22Z\">\n    <\/animate>\n  <\/path>\n  <path class=\"elementor-shape-fill\" d=\"M1440 337.719L1405.6 340.219C1371.2 342.719 1302.4 347.719 1233.92 350.419C1165.28 353.019 1097.12 353.419 1028.48 352.219C960 351.019 891.2 348.419 822.72 357.019C754.08 365.719 685.92 385.719 617.28 395.919C548.8 406.019 480 406.419 411.52 395.919C342.88 385.419 274.72 364.019 206.08 359.419C137.6 354.719 68.8 366.719 34.4 372.719L0 378.719V460.719H1440V337.719Z\">\n    <animate repeatCount=\"indefinite\" fill=\"freeze\" attributeName=\"d\" dur=\"5.5s\" values=\"M1440 337.719L1405.6 340.219C1371.2 342.719 1303.98 362.8 1235.5 365.5C1166.86 368.1 1090.14 324.2 1021.5 323C953.02 321.8 889.48 383.4 821 392C752.36 400.7 678.64 368.519 610 378.719C541.52 388.819 473.48 414.5 405 404C336.36 393.5 273.64 342.319 205 337.719C136.52 333.019 68.8 366.719 34.4 372.719L0 378.719V460.719H1440V337.719Z; M1440 337.719L1405.6 340.219C1371.2 342.719 1295.98 326.3 1227.5 329C1158.86 331.6 1081.64 391.2 1013 390C944.52 388.8 874.48 364.119 806 372.719C737.36 381.419 675.14 296.3 606.5 306.5C538.02 316.6 471.48 383.219 403 372.719C334.36 362.219 272.64 320.6 204 316C135.52 311.3 68.8 366.719 34.4 372.719L0 378.719V460.719H1440V337.719Z; M1440 337.719L1405.6 340.219C1371.2 342.719 1303.98 362.8 1235.5 365.5C1166.86 368.1 1090.14 324.2 1021.5 323C953.02 321.8 889.48 383.4 821 392C752.36 400.7 678.64 368.519 610 378.719C541.52 388.819 473.48 414.5 405 404C336.36 393.5 273.64 342.319 205 337.719C136.52 333.019 68.8 366.719 34.4 372.719L0 378.719V460.719H1440V337.719Z\">\n    <\/animate>\n  <\/path>\n<\/svg>\t\t<\/div>\n\t\t<div class=\"elementor-element elementor-element-5c72735 e-con-full e-flex e-con e-child\" data-id=\"5c72735\" data-element_type=\"container\" data-e-type=\"container\">\n\t\t\t\t<div class=\"elementor-element elementor-element-f4ff9f6 elementor-widget elementor-widget-hub_fancy_heading\" data-id=\"f4ff9f6\" data-element_type=\"widget\" data-e-type=\"widget\" data-widget_type=\"hub_fancy_heading.default\">\n\t\t\t\t<div class=\"elementor-widget-container\">\n\t\t\t\t\t\n\t\t<div id=\"ld-fancy-heading-69de2ce521e3c\" class=\"ld-fancy-heading pos-rel\">\n\t\t\t<h1 class=\"ld-fh-element d-inline-block pos-rel  elementor-heading-title lqd-highlight-classic lqd-highlight-grow-left h1\"  > \u0130ran Temsilcilikleri<\/h1>\t\t<\/div>\n\n\t\t\t\t\t\t<\/div>\n\t\t\t\t<\/div>\n\t\t\t\t<div class=\"elementor-element elementor-element-b047bbb elementor-widget elementor-widget-hub_fancy_heading\" data-id=\"b047bbb\" data-element_type=\"widget\" data-e-type=\"widget\" data-widget_type=\"hub_fancy_heading.default\">\n\t\t\t\t<div class=\"elementor-widget-container\">\n\t\t\t\t\t\n\t\t<div id=\"ld-fancy-heading-69de2ce522b2b\" class=\"ld-fancy-heading pos-rel\">\n\t\t\t<p class=\"ld-fh-element d-inline-block pos-rel  lqd-highlight-classic lqd-highlight-grow-left p\"  > \u0130ran\u2019daki aktif bayilerimizin adres ve ileti\u015fim bilgileri bu b\u00f6l\u00fcmde yer almaktad\u0131r.<\/p>\t\t<\/div>\n\n\t\t\t\t\t\t<\/div>\n\t\t\t\t<\/div>\n\t\t\t\t<div class=\"elementor-element elementor-element-f9f849a elementor-widget elementor-widget-ld_button\" data-id=\"f9f849a\" data-element_type=\"widget\" data-e-type=\"widget\" data-widget_type=\"ld_button.default\">\n\t\t\t\t<div class=\"elementor-widget-container\">\n\t\t\t\t\t\n\t\t\t<a\n\t\t\t\tclass=\"elementor-button btn btn-naked btn-icon-block btn-no-label\" data-localscroll=\"1\" data-localscroll-options=\"{&quot;scrollBelowSection&quot;:true}\" href=\"#\"\t\t\t>\n\t\t\t\t\t\t\t\t\t\t\t\t\t\t<span class=\"btn-icon\">\n\t\t\t\t\t\t\t<i aria-hidden=\"true\" class=\"lqd-icn-ess icon-ion-ios-arrow-down\"><\/i>\t\t\t\t\t\t<\/span>\n\t\t\t\t\t\t\t\t\t<\/a>\n\t\t\t\t\t\t\t<\/div>\n\t\t\t\t<\/div>\n\t\t\t\t<\/div>\n\t\t\t\t\t<\/div>\n\t\t\t\t<\/div>\n\t\t\t\t<section class=\"elementor-section elementor-top-section elementor-element elementor-element-00829cf elementor-section-boxed elementor-section-height-default elementor-section-height-default\" data-id=\"00829cf\" data-element_type=\"section\" data-e-type=\"section\">\n\t\t\t\t\t\t<div class=\"elementor-container elementor-column-gap-default\">\n\t\t\t\t\t<div data-custom-animations=\"true\" data-ca-options=\"{&quot;addChildTimelines&quot;:false,&quot;trigger&quot;:&quot;firstChild&quot;,&quot;animationTarget&quot;:&quot;:scope &gt; .elementor-widget-wrap &gt; .elementor-element &gt; .elementor-widget-container, :scope &gt; .elementor-widget-wrap &gt; .elementor-section &gt; .elementor-container &gt; .elementor-column &gt; .elementor-widget-wrap &gt; .elementor-element:not(.lqd-el-has-inner-anim) &gt; .elementor-widget-container, :scope &gt; .elementor-widget-wrap &gt; .elementor-widget-hub_fancy_heading .lqd-split-lines .lqd-lines .split-inner, :scope &gt; .elementor-widget-wrap &gt; .elementor-widget-hub_fancy_heading .lqd-split-words .lqd-words .split-inner, :scope &gt; .elementor-widget-wrap &gt; .elementor-widget-hub_fancy_heading .lqd-split-chars .lqd-chars .split-inner, :scope &gt; .elementor-widget-wrap &gt; .elementor-widget-ld_custom_menu .lqd-fancy-menu &gt; ul &gt; li&quot;,&quot;delay&quot;:100,&quot;ease&quot;:[&quot;power4.out&quot;],&quot;initValues&quot;:{&quot;y&quot;:&quot;40px&quot;,&quot;opacity&quot;:0,&quot;transformOrigin&quot;:&quot;50% 50% 0px&quot;},&quot;animations&quot;:{&quot;y&quot;:&quot;0px&quot;,&quot;opacity&quot;:1,&quot;transformOrigin&quot;:&quot;50% 50% 0px&quot;}}\" class=\"elementor-column elementor-col-100 elementor-top-column elementor-element elementor-element-4aa4c2c\" data-id=\"4aa4c2c\" data-element_type=\"column\" data-e-type=\"column\">\n\t\t\t<div class=\"elementor-widget-wrap elementor-element-populated\">\n\t\t\t\t\t\t<section class=\"elementor-section elementor-inner-section elementor-element elementor-element-d64a658 elementor-section-boxed elementor-section-height-default elementor-section-height-default\" data-id=\"d64a658\" data-element_type=\"section\" data-e-type=\"section\">\n\t\t\t\t\t\t<div class=\"elementor-container elementor-column-gap-default\">\n\t\t\t\t\t<div class=\"elementor-column elementor-col-100 elementor-inner-column elementor-element elementor-element-2b671a1\" data-id=\"2b671a1\" data-element_type=\"column\" data-e-type=\"column\">\n\t\t\t<div class=\"elementor-widget-wrap elementor-element-populated\">\n\t\t\t\t\t\t<div class=\"elementor-element elementor-element-97f1372 elementor-widget__width-initial elementor-widget elementor-widget-ld_content_box\" data-id=\"97f1372\" data-element_type=\"widget\" data-e-type=\"widget\" data-widget_type=\"ld_content_box.default\">\n\t\t\t\t<div class=\"elementor-widget-container\">\n\t\t\t\t\t\n\t\t<div class=\"lqd-fb pos-rel lqd-fb-style-11 text-center\">\n\t\t\t\t\t\t<div class=\"lqd-fb-inner\">\n\n\t\t\t\t\t<div class=\"lqd-fb-img\">\n\t\t\t\t\t\t<figure class=\"overflow-hidden border-radius-circle\">\n\t\t\t\t\t\t\t<img decoding=\"async\" src=\"https:\/\/oyaz.co\/wp-content\/uploads\/2025\/08\/ChatGPT-Image-Aug-2-2025-02_19_21-PM-1-2.webp\" alt=\"\" title=\"\">\t\t\t\t\t\t<\/figure>\n\t\t\t\t\t\t<span class=\"lqd-fb-icn\">\n\t\t\t\t\t\t\t<i class=\"lqd-icn-ess icon-ion-ios-arrow-forward\"><\/i>\n\t\t\t\t\t\t<\/span>\n\t\t\t\t\t<\/div>\n\n\t\t\t\t\t<div class=\"lqd-fb-content\">\n\t\t\t\t\t\t<h2 class=\"lqd-fb__title mt-0 mb-0 \">Tahran Eyaleti Temsilcilikleri<\/h2>\n\t\t\t\t\t<\/div>\n\n\t\t\t\t\t<a href=\"https:\/\/oyaz.co\/tr\/tahran-vilayeti-temsilcilikleri\/\" class=\"lqd-overlay\"><\/a>\n\n\t\t\t\t<\/div>\n\t\t\t\t\t\t<\/div>\n\t\t\t\t\t\t<\/div>\n\t\t\t\t<\/div>\n\t\t\t\t<div class=\"elementor-element elementor-element-7ec480b elementor-widget__width-auto elementor-hidden-mobile elementor-widget elementor-widget-ld_fancy_image\" data-id=\"7ec480b\" data-element_type=\"widget\" data-e-type=\"widget\" data-widget_type=\"ld_fancy_image.default\">\n\t\t\t\t<div class=\"elementor-widget-container\">\n\t\t\t\t\t\n\t\t<div class=\"lqd-imggrp-single d-block pos-rel \">\n\t\t\t<div class=\"lqd-imggrp-img-container d-inline-flex pos-rel align-items-center justify-content-center \">\n\t\t\t\t\t\t\t\t<figure class=\"w-100 pos-rel\">\n\t\t\t\t\t<img decoding=\"async\" width=\"1\" height=\"301\" src=\"https:\/\/oyaz.co\/wp-content\/uploads\/2025\/08\/vertival-line.svg\" class=\"attachment-full size-full wp-image-23427\" alt=\"\" itemprop=\"image\" title=\"\">\t\t\t\t\t\t\t\t\t\t\t\t\t\t\t\t\t\t\t\t\t\t\t\t\t\t\t\t\t<\/figure>\n\t\t\t<\/div>\n\t\t<\/div>\n\n\t\t\t\t\t<\/div>\n\t\t\t\t<\/div>\n\t\t\t\t<div class=\"elementor-element elementor-element-520d681 elementor-widget__width-initial elementor-widget elementor-widget-ld_content_box\" data-id=\"520d681\" data-element_type=\"widget\" data-e-type=\"widget\" data-widget_type=\"ld_content_box.default\">\n\t\t\t\t<div class=\"elementor-widget-container\">\n\t\t\t\t\t\n\t\t<div class=\"lqd-fb pos-rel lqd-fb-style-11 text-center\">\n\t\t\t\t\t\t<div class=\"lqd-fb-inner\">\n\n\t\t\t\t\t<div class=\"lqd-fb-img\">\n\t\t\t\t\t\t<figure class=\"overflow-hidden border-radius-circle\">\n\t\t\t\t\t\t\t<img decoding=\"async\" src=\"https:\/\/oyaz.co\/wp-content\/uploads\/2025\/08\/urmia-lake-1.webp\" alt=\"\" title=\"\">\t\t\t\t\t\t<\/figure>\n\t\t\t\t\t\t<span class=\"lqd-fb-icn\">\n\t\t\t\t\t\t\t<i class=\"lqd-icn-ess icon-ion-ios-arrow-forward\"><\/i>\n\t\t\t\t\t\t<\/span>\n\t\t\t\t\t<\/div>\n\n\t\t\t\t\t<div class=\"lqd-fb-content\">\n\t\t\t\t\t\t<h2 class=\"lqd-fb__title mt-0 mb-0 \">Bat\u0131 Azerbaycan Eyaleti Temsilcili\u011fi<\/h2>\n\t\t\t\t\t<\/div>\n\n\t\t\t\t\t<a href=\"https:\/\/oyaz.co\/tr\/bati-azerbaycan-vilayeti-temsilciligi\/\" class=\"lqd-overlay\"><\/a>\n\n\t\t\t\t<\/div>\n\t\t\t\t\t\t<\/div>\n\t\t\t\t\t\t<\/div>\n\t\t\t\t<\/div>\n\t\t\t\t<div class=\"elementor-element elementor-element-66baa1c elementor-widget__width-auto elementor-hidden-tablet elementor-hidden-mobile elementor-widget elementor-widget-ld_fancy_image\" data-id=\"66baa1c\" data-element_type=\"widget\" data-e-type=\"widget\" data-widget_type=\"ld_fancy_image.default\">\n\t\t\t\t<div class=\"elementor-widget-container\">\n\t\t\t\t\t\n\t\t<div class=\"lqd-imggrp-single d-block pos-rel \">\n\t\t\t<div class=\"lqd-imggrp-img-container d-inline-flex pos-rel align-items-center justify-content-center \">\n\t\t\t\t\t\t\t\t<figure class=\"w-100 pos-rel\">\n\t\t\t\t\t<img decoding=\"async\" width=\"1\" height=\"301\" src=\"https:\/\/oyaz.co\/wp-content\/uploads\/2025\/08\/vertival-line.svg\" class=\"attachment-full size-full wp-image-23427\" alt=\"\" itemprop=\"image\" title=\"\">\t\t\t\t\t\t\t\t\t\t\t\t\t\t\t\t\t\t\t\t\t\t\t\t\t\t\t\t\t<\/figure>\n\t\t\t<\/div>\n\t\t<\/div>\n\n\t\t\t\t\t<\/div>\n\t\t\t\t<\/div>\n\t\t\t\t<div class=\"elementor-element elementor-element-1be783e elementor-widget__width-initial elementor-widget elementor-widget-ld_content_box\" data-id=\"1be783e\" data-element_type=\"widget\" data-e-type=\"widget\" data-widget_type=\"ld_content_box.default\">\n\t\t\t\t<div class=\"elementor-widget-container\">\n\t\t\t\t\t\n\t\t<div class=\"lqd-fb pos-rel lqd-fb-style-11 text-center\">\n\t\t\t\t\t\t<div class=\"lqd-fb-inner\">\n\n\t\t\t\t\t<div class=\"lqd-fb-img\">\n\t\t\t\t\t\t<figure class=\"overflow-hidden border-radius-circle\">\n\t\t\t\t\t\t\t<img decoding=\"async\" src=\"https:\/\/oyaz.co\/wp-content\/uploads\/2025\/08\/\u0645\u0642\u0628\u0631\u0647-\u0622\u0631\u0627\u0645\u06af\u0627\u0647-\u062d\u0627\u0641\u0638-\u062d\u0627\u0641\u0638\u06cc\u0647-14-1.webp\" alt=\"\" title=\"\">\t\t\t\t\t\t<\/figure>\n\t\t\t\t\t\t<span class=\"lqd-fb-icn\">\n\t\t\t\t\t\t\t<i class=\"lqd-icn-ess icon-ion-ios-arrow-forward\"><\/i>\n\t\t\t\t\t\t<\/span>\n\t\t\t\t\t<\/div>\n\n\t\t\t\t\t<div class=\"lqd-fb-content\">\n\t\t\t\t\t\t<h2 class=\"lqd-fb__title mt-0 mb-0 \">Fars Eyaleti Temsilcili\u011fi<\/h2>\n\t\t\t\t\t<\/div>\n\n\t\t\t\t\t<a href=\"https:\/\/oyaz.co\/tr\/fars-vilayeti-temsilciligi\/\" class=\"lqd-overlay\"><\/a>\n\n\t\t\t\t<\/div>\n\t\t\t\t\t\t<\/div>\n\t\t\t\t\t\t<\/div>\n\t\t\t\t<\/div>\n\t\t\t\t<div class=\"elementor-element elementor-element-a8b153c elementor-widget__width-auto elementor-hidden-mobile elementor-widget elementor-widget-ld_fancy_image\" data-id=\"a8b153c\" data-element_type=\"widget\" data-e-type=\"widget\" data-widget_type=\"ld_fancy_image.default\">\n\t\t\t\t<div class=\"elementor-widget-container\">\n\t\t\t\t\t\n\t\t<div class=\"lqd-imggrp-single d-block pos-rel \">\n\t\t\t<div class=\"lqd-imggrp-img-container d-inline-flex pos-rel align-items-center justify-content-center \">\n\t\t\t\t\t\t\t\t<figure class=\"w-100 pos-rel\">\n\t\t\t\t\t<img decoding=\"async\" width=\"1\" height=\"301\" src=\"https:\/\/oyaz.co\/wp-content\/uploads\/2025\/08\/vertival-line.svg\" class=\"attachment-full size-full wp-image-23427\" alt=\"\" itemprop=\"image\" title=\"\">\t\t\t\t\t\t\t\t\t\t\t\t\t\t\t\t\t\t\t\t\t\t\t\t\t\t\t\t\t<\/figure>\n\t\t\t<\/div>\n\t\t<\/div>\n\n\t\t\t\t\t<\/div>\n\t\t\t\t<\/div>\n\t\t\t\t<div class=\"elementor-element elementor-element-88ff19e elementor-widget__width-initial elementor-widget elementor-widget-ld_content_box\" data-id=\"88ff19e\" data-element_type=\"widget\" data-e-type=\"widget\" data-widget_type=\"ld_content_box.default\">\n\t\t\t\t<div class=\"elementor-widget-container\">\n\t\t\t\t\t\n\t\t<div class=\"lqd-fb pos-rel lqd-fb-style-11 text-center\">\n\t\t\t\t\t\t<div class=\"lqd-fb-inner\">\n\n\t\t\t\t\t<div class=\"lqd-fb-img\">\n\t\t\t\t\t\t<figure class=\"overflow-hidden border-radius-circle\">\n\t\t\t\t\t\t\t<img decoding=\"async\" src=\"https:\/\/oyaz.co\/wp-content\/uploads\/2025\/08\/poster_afc5a668-b270-4e20-9c60-4dfdf7dbf542-1.webp\" alt=\"\" title=\"\">\t\t\t\t\t\t<\/figure>\n\t\t\t\t\t\t<span class=\"lqd-fb-icn\">\n\t\t\t\t\t\t\t<i class=\"lqd-icn-ess icon-ion-ios-arrow-forward\"><\/i>\n\t\t\t\t\t\t<\/span>\n\t\t\t\t\t<\/div>\n\n\t\t\t\t\t<div class=\"lqd-fb-content\">\n\t\t\t\t\t\t<h2 class=\"lqd-fb__title mt-0 mb-0 \">Yezd Eyaleti Temsilcili\u011fi<\/h2>\n\t\t\t\t\t<\/div>\n\n\t\t\t\t\t<a href=\"https:\/\/oyaz.co\/tr\/yazd-vilayeti-temsilciligi\/\" class=\"lqd-overlay\"><\/a>\n\n\t\t\t\t<\/div>\n\t\t\t\t\t\t<\/div>\n\t\t\t\t\t\t<\/div>\n\t\t\t\t<\/div>\n\t\t\t\t\t<\/div>\n\t\t<\/div>\n\t\t\t\t\t<\/div>\n\t\t<\/section>\n\t\t\t\t<section class=\"elementor-section elementor-inner-section elementor-element elementor-element-67bb454 elementor-section-boxed elementor-section-height-default elementor-section-height-default\" data-id=\"67bb454\" data-element_type=\"section\" data-e-type=\"section\">\n\t\t\t\t\t\t<div class=\"elementor-container elementor-column-gap-default\">\n\t\t\t\t\t<div class=\"elementor-column elementor-col-100 elementor-inner-column elementor-element elementor-element-964f1aa\" data-id=\"964f1aa\" data-element_type=\"column\" data-e-type=\"column\">\n\t\t\t<div class=\"elementor-widget-wrap elementor-element-populated\">\n\t\t\t\t\t\t<div class=\"elementor-element elementor-element-c046746 elementor-widget__width-initial elementor-widget elementor-widget-ld_content_box\" data-id=\"c046746\" data-element_type=\"widget\" data-e-type=\"widget\" data-widget_type=\"ld_content_box.default\">\n\t\t\t\t<div class=\"elementor-widget-container\">\n\t\t\t\t\t\n\t\t<div class=\"lqd-fb pos-rel lqd-fb-style-11 text-center\">\n\t\t\t\t\t\t<div class=\"lqd-fb-inner\">\n\n\t\t\t\t\t<div class=\"lqd-fb-img\">\n\t\t\t\t\t\t<figure class=\"overflow-hidden border-radius-circle\">\n\t\t\t\t\t\t\t<img decoding=\"async\" src=\"https:\/\/oyaz.co\/wp-content\/uploads\/2025\/08\/Z8Wop7uNlQbmfKrLqsjvmjpHUPU6u1Y9MlBteKMS-1.webp\" alt=\"\" title=\"\">\t\t\t\t\t\t<\/figure>\n\t\t\t\t\t\t<span class=\"lqd-fb-icn\">\n\t\t\t\t\t\t\t<i class=\"lqd-icn-ess icon-ion-ios-arrow-forward\"><\/i>\n\t\t\t\t\t\t<\/span>\n\t\t\t\t\t<\/div>\n\n\t\t\t\t\t<div class=\"lqd-fb-content\">\n\t\t\t\t\t\t<h2 class=\"lqd-fb__title mt-0 mb-0 \">Kum Eyaleti Temsilcili\u011fi<\/h2>\n\t\t\t\t\t<\/div>\n\n\t\t\t\t\t<a href=\"https:\/\/oyaz.co\/tr\/kum-vilayeti-temsilciligi\/\" class=\"lqd-overlay\"><\/a>\n\n\t\t\t\t<\/div>\n\t\t\t\t\t\t<\/div>\n\t\t\t\t\t\t<\/div>\n\t\t\t\t<\/div>\n\t\t\t\t<div class=\"elementor-element elementor-element-05ab18a elementor-widget__width-auto elementor-hidden-mobile elementor-widget elementor-widget-ld_fancy_image\" data-id=\"05ab18a\" data-element_type=\"widget\" data-e-type=\"widget\" data-widget_type=\"ld_fancy_image.default\">\n\t\t\t\t<div class=\"elementor-widget-container\">\n\t\t\t\t\t\n\t\t<div class=\"lqd-imggrp-single d-block pos-rel \">\n\t\t\t<div class=\"lqd-imggrp-img-container d-inline-flex pos-rel align-items-center justify-content-center \">\n\t\t\t\t\t\t\t\t<figure class=\"w-100 pos-rel\">\n\t\t\t\t\t<img decoding=\"async\" width=\"1\" height=\"301\" src=\"https:\/\/oyaz.co\/wp-content\/uploads\/2025\/08\/vertival-line.svg\" class=\"attachment-full size-full wp-image-23427\" alt=\"\" itemprop=\"image\" title=\"\">\t\t\t\t\t\t\t\t\t\t\t\t\t\t\t\t\t\t\t\t\t\t\t\t\t\t\t\t\t<\/figure>\n\t\t\t<\/div>\n\t\t<\/div>\n\n\t\t\t\t\t<\/div>\n\t\t\t\t<\/div>\n\t\t\t\t<div class=\"elementor-element elementor-element-2e81efd elementor-widget__width-initial elementor-widget elementor-widget-ld_content_box\" data-id=\"2e81efd\" data-element_type=\"widget\" data-e-type=\"widget\" data-widget_type=\"ld_content_box.default\">\n\t\t\t\t<div class=\"elementor-widget-container\">\n\t\t\t\t\t\n\t\t<div class=\"lqd-fb pos-rel lqd-fb-style-11 text-center\">\n\t\t\t\t\t\t<div class=\"lqd-fb-inner\">\n\n\t\t\t\t\t<div class=\"lqd-fb-img\">\n\t\t\t\t\t\t<figure class=\"overflow-hidden border-radius-circle\">\n\t\t\t\t\t\t\t<img decoding=\"async\" src=\"https:\/\/oyaz.co\/wp-content\/uploads\/2025\/08\/Mazandaran-1.webp\" alt=\"\" title=\"\">\t\t\t\t\t\t<\/figure>\n\t\t\t\t\t\t<span class=\"lqd-fb-icn\">\n\t\t\t\t\t\t\t<i class=\"lqd-icn-ess icon-ion-ios-arrow-forward\"><\/i>\n\t\t\t\t\t\t<\/span>\n\t\t\t\t\t<\/div>\n\n\t\t\t\t\t<div class=\"lqd-fb-content\">\n\t\t\t\t\t\t<h2 class=\"lqd-fb__title mt-0 mb-0 \">Mazenderan Eyaleti Temsilcili\u011fi<\/h2>\n\t\t\t\t\t<\/div>\n\n\t\t\t\t\t<a href=\"https:\/\/oyaz.co\/tr\/mazenderan-vilayeti-temsilciligi\/\" class=\"lqd-overlay\"><\/a>\n\n\t\t\t\t<\/div>\n\t\t\t\t\t\t<\/div>\n\t\t\t\t\t\t<\/div>\n\t\t\t\t<\/div>\n\t\t\t\t<div class=\"elementor-element elementor-element-06d5b1a elementor-widget__width-auto elementor-hidden-mobile elementor-widget elementor-widget-ld_fancy_image\" data-id=\"06d5b1a\" data-element_type=\"widget\" data-e-type=\"widget\" data-widget_type=\"ld_fancy_image.default\">\n\t\t\t\t<div class=\"elementor-widget-container\">\n\t\t\t\t\t\n\t\t<div class=\"lqd-imggrp-single d-block pos-rel \">\n\t\t\t<div class=\"lqd-imggrp-img-container d-inline-flex pos-rel align-items-center justify-content-center \">\n\t\t\t\t\t\t\t\t<figure class=\"w-100 pos-rel\">\n\t\t\t\t\t<img decoding=\"async\" width=\"1\" height=\"301\" src=\"https:\/\/oyaz.co\/wp-content\/uploads\/2025\/08\/vertival-line.svg\" class=\"attachment-full size-full wp-image-23427\" alt=\"\" itemprop=\"image\" title=\"\">\t\t\t\t\t\t\t\t\t\t\t\t\t\t\t\t\t\t\t\t\t\t\t\t\t\t\t\t\t<\/figure>\n\t\t\t<\/div>\n\t\t<\/div>\n\n\t\t\t\t\t<\/div>\n\t\t\t\t<\/div>\n\t\t\t\t\t<\/div>\n\t\t<\/div>\n\t\t\t\t\t<\/div>\n\t\t<\/section>\n\t\t\t\t\t<\/div>\n\t\t<\/div>\n\t\t\t\t\t<\/div>\n\t\t<\/section>\n\t\t\t\t<\/div>\n\t\t","protected":false},"excerpt":{"rendered":"<p>\u0130ran Temsilcilikleri \u0130ran\u2019daki aktif bayilerimizin adres ve ileti\u015fim bilgileri bu b\u00f6l\u00fcmde yer almaktad\u0131r. Tahran Eyaleti Temsilcilikleri Bat\u0131 Azerbaycan Eyaleti Temsilcili\u011fi Fars Eyaleti Temsilcili\u011fi Yezd Eyaleti Temsilcili\u011fi Kum Eyaleti Temsilcili\u011fi Mazenderan Eyaleti Temsilcili\u011fi<\/p>\n","protected":false},"author":1,"featured_media":23416,"parent":0,"menu_order":0,"comment_status":"closed","ping_status":"closed","template":"","meta":{"footnotes":""},"class_list":["post-23626","page","type-page","status-publish","has-post-thumbnail","hentry"],"_links":{"self":[{"href":"https:\/\/oyaz.co\/tr\/wp-json\/wp\/v2\/pages\/23626","targetHints":{"allow":["GET"]}}],"collection":[{"href":"https:\/\/oyaz.co\/tr\/wp-json\/wp\/v2\/pages"}],"about":[{"href":"https:\/\/oyaz.co\/tr\/wp-json\/wp\/v2\/types\/page"}],"author":[{"embeddable":true,"href":"https:\/\/oyaz.co\/tr\/wp-json\/wp\/v2\/users\/1"}],"replies":[{"embeddable":true,"href":"https:\/\/oyaz.co\/tr\/wp-json\/wp\/v2\/comments?post=23626"}],"version-history":[{"count":16,"href":"https:\/\/oyaz.co\/tr\/wp-json\/wp\/v2\/pages\/23626\/revisions"}],"predecessor-version":[{"id":24926,"href":"https:\/\/oyaz.co\/tr\/wp-json\/wp\/v2\/pages\/23626\/revisions\/24926"}],"wp:featuredmedia":[{"embeddable":true,"href":"https:\/\/oyaz.co\/tr\/wp-json\/wp\/v2\/media\/23416"}],"wp:attachment":[{"href":"https:\/\/oyaz.co\/tr\/wp-json\/wp\/v2\/media?parent=23626"}],"curies":[{"name":"wp","href":"https:\/\/api.w.org\/{rel}","templated":true}]}}